{"id":891,"date":"2015-06-16T10:09:09","date_gmt":"2015-06-16T08:09:09","guid":{"rendered":"https:\/\/cmob-natation.fr\/?page_id=891"},"modified":"2025-07-26T08:31:45","modified_gmt":"2025-07-26T08:31:45","slug":"les-officiels","status":"publish","type":"page","link":"https:\/\/cmob-natation.fr\/index.php\/le-club\/les-officiels\/","title":{"rendered":"Les officiels"},"content":{"rendered":"<p>Les officiels du CMOB NATATION pour la saison 2025 2026 :<\/p>\n\n\n<p>En natation, les officiels jouent un r\u00f4le crucial pour assurer le bon d\u00e9roulement des comp\u00e9titions et le respect des r\u00e8gles. Voici quelques-uns des r\u00f4les principaux des officiels en natation :<\/p>\n\n\n\n<ol class=\"wp-block-list\">\n<li><strong>Les arbitres<\/strong> : Ils supervisent l&rsquo;ensemble de la comp\u00e9tition et veillent \u00e0 ce que toutes les r\u00e8gles soient respect\u00e9es. Ils ont le pouvoir de prendre des d\u00e9cisions finales sur les litiges.<\/li>\n\n\n\n<li><strong>Les juges de nage<\/strong> : Ils observent les nageurs pour s&rsquo;assurer qu&rsquo;ils respectent les r\u00e8gles de leur \u00e9preuve sp\u00e9cifique (par exemple, les virages, les coups de pied, les mouvements des bras).<\/li>\n\n\n\n<li><strong>Les chronom\u00e9treurs<\/strong> : Ils sont responsables de la mesure du temps de chaque nageur. Ils utilisent des chronom\u00e8tres manuels ou des syst\u00e8mes de chronom\u00e9trage automatique.<\/li>\n\n\n\n<li><strong>Les starters<\/strong> : Ils s&rsquo;assurent que tous les nageurs sont pr\u00eats et donnent le signal de d\u00e9part pour chaque course.<\/li>\n\n\n\n<li><strong>Les juges de virage<\/strong> : Ils v\u00e9rifient que les nageurs effectuent correctement leurs virages et leurs arriv\u00e9es selon les r\u00e8gles de leur \u00e9preuve.<\/li>\n\n\n\n<li><strong>Les juges de d\u00e9part<\/strong> : Ils surveillent les d\u00e9parts pour s&rsquo;assurer qu&rsquo;aucun nageur ne quitte le plot de d\u00e9part avant le signal de d\u00e9part.<\/li>\n<\/ol>\n\n\n\n<p>Ces r\u00f4les sont essentiels pour garantir que les comp\u00e9titions de natation se d\u00e9roulent de mani\u00e8re \u00e9quitable et organis\u00e9e.<\/p>\n\n\n\n<p><strong>DEVENEZ OFFICIEL NATATION COURSE POUR VOTRE CLUB<\/strong><\/p>\n\n\n\n<p>Votre enfant fait des comp\u00e9titions et vous l\u2019accompagnez lors de celles-ci. Vous pouvez si vous le souhaitez participer \u00e0 l\u2019organisation et au bon d\u00e9roulement de la comp\u00e9tition, en devenant officiel pour votre club.<\/p>\n\n\n\n<h2 class=\"wp-block-heading\"><strong>1 \u2013 Pourquoi :<\/strong><\/h2>\n\n\n\n<p>Pour chaque comp\u00e9tition,le club doit pr\u00e9senter un certain nombre d\u2019officiels en fonction du nombre de nageurs engag\u00e9 :<\/p>\n\n\n\n<ul class=\"wp-block-list\">\n<li>1 officiel pour 5 nageurs et moins,<\/li>\n\n\n\n<li>2 officiels entre 6 et 10 nageurs,<\/li>\n\n\n\n<li>3 officiels au-del\u00e0 de 10 nageurs.<\/li>\n<\/ul>\n\n\n\n<p>Si ce quota n\u2019est pas respect\u00e9 par votre club lors d\u2019une comp\u00e9tition, il se voit taxer d&rsquo;une amende  par r\u00e9union et par officiel manquant. La comp\u00e9tition peut m\u00eame \u00eatre annul\u00e9e si le nombre d\u2019officiels est insuffisant.<br>Pour que votre enfant et votre club ne soient pas p\u00e9nalis\u00e9s, ils ont besoin de vous et de vos comp\u00e9tences.<\/p>\n\n\n\n<h2 class=\"wp-block-heading\"><strong>2 \u2013 Qui sont les officiels de natation ?<\/strong><\/h2>\n\n\n\n<p>Il existe plusieurs cat\u00e9gories d\u2019officiels indispensables au bon d\u00e9roulement des comp\u00e9titions de natation :<\/p>\n\n\n\n<h3 class=\"wp-block-heading has-vivid-cyan-blue-color has-text-color\">CHRONOMETREUR<\/h3>\n\n\n\n<p>Le titre de \u00ab Chronom\u00e9treur \u00bb est d\u00e9livr\u00e9 aux personnes ayant pass\u00e9 un test pratique d\u2019aptitude \u00e0 la fonction de chronom\u00e9treur, et une validation pratique de la fonction de juge \u00e0 l\u2019arriv\u00e9e ; chaque candidat doit remplir les conditions suivantes :<\/p>\n\n\n\n<ul class=\"wp-block-list\">\n<li>\u00eatre licenci\u00e9 \u00e0 la FFN sur le territoire de la ligue r\u00e9gionale ou du comit\u00e9 d\u00e9partemental organisateur de la session ;<\/li>\n<\/ul>\n\n\n\n<ul class=\"wp-block-list\">\n<li>\u00eatre \u00e2g\u00e9 d&rsquo;au moins 14 ans \u00e0 la date de l&rsquo;examen ;<\/li>\n\n\n\n<li>avoir fait acte de candidature aupr\u00e8s de la ligue r\u00e9gionale ou du comit\u00e9<br>d\u00e9partemental dont il d\u00e9pend ;<\/li>\n\n\n\n<li>avoir particip\u00e9 \u00e0 une formation de base organis\u00e9e par le comit\u00e9 d\u00e9partemental<br>ou la ligue r\u00e9gionale. A l\u2019issue un test de connaissance sera propos\u00e9 aux<br>candidats.<\/li>\n<\/ul>\n\n\n\n<div class=\"wp-block-group\"><div class=\"wp-block-group__inner-container is-layout-flow wp-block-group-is-layout-flow\">\n<p><strong><em>Validation pratique<\/em><\/strong><br>Il devra y avoir au moins deux chronom\u00e9treurs officiels dans la ligne en plus du candidat. Son temps sera alors utilis\u00e9 pour la d\u00e9termination du temps officiel (cf : cas d\u2019un chronom\u00e9trage manuel avec 3 chronom\u00e9treurs \u2013 SW 11.3.2).<br>L\u2019aptitude du candidat sera appr\u00e9ci\u00e9e sur un minimum de 40 prises de temps (le temps final) r\u00e9alis\u00e9es \u00e0 l&rsquo;occasion d&rsquo;une ou deux r\u00e9unions FFN (d\u00e9partementale, r\u00e9gionale).<br>A chaque s\u00e9rie le temps du candidat annonc\u00e9 et enregistr\u00e9 au 1\/100\u00e8me de seconde sera compar\u00e9 au temps manuel officiel de la ligne. Nota : les 3 temps seront report\u00e9s sur la fiche du candidat.<br>Pour \u00eatre admis le candidat ne devra pas avoir plus de 10 \u00e9carts de 16 centi\u00e8mes et plus, dont un maximum de 2 \u00e9carts de temps sup\u00e9rieurs ou \u00e9gaux \u00e0 40\/100\u00e8mes.<br>Les \u00e9carts de temps compris de 0 \u00e0 15\/100\u00e8mes ne sont pas comptabilis\u00e9s.<br>Pour la validation de la fonction du juge \u00e0 l\u2019arriv\u00e9e, il sera demand\u00e9 au candidat de tenir le poste pendant une r\u00e9union sous le contr\u00f4le d\u2019un officiel tuteur, du starter ou du juge arbitre.<\/p>\n<\/div><\/div>\n\n\n\n<h3 class=\"wp-block-heading has-vivid-cyan-blue-color has-text-color\">JUGE<\/h3>\n\n\n\n<p>Le titre de \u00ab Juge \u00bb est d\u00e9livr\u00e9 aux licenci\u00e9s ayant satisfait \u00e0 l\u2019\u00e9preuve \u00e9crite et aux validations pratiques de l&rsquo;examen pr\u00e9vu \u00e0 cet effet ; chaque candidat doit remplir les conditions suivantes :<\/p>\n\n\n\n<ul class=\"wp-block-list\">\n<li>\u00eatre licenci\u00e9 \u00e0 la FFN sur le territoire de la ligue r\u00e9gionale ou du comit\u00e9<br>d\u00e9partemental organisateur de la session ;<\/li>\n\n\n\n<li>\u00eatre \u00e2g\u00e9 d&rsquo;au moins 16 ans \u00e0 la date de l&rsquo;examen ;<\/li>\n\n\n\n<li>avoir effectu\u00e9 un minimum de trois r\u00e9unions en \u00e9tant titulaire du titre<br>\u00ab chronom\u00e9treur \u00bb ;<\/li>\n\n\n\n<li>avoir fait acte de candidature aupr\u00e8s de la ligue r\u00e9gionale ou du comit\u00e9<br>d\u00e9partemental dont il d\u00e9pend.<\/li>\n\n\n\n<li>avoir suivi une formation durant laquelle, les r\u00e8glements (articles correspondant aux responsabilit\u00e9s du juge) seront expliqu\u00e9s et des exercices tests seront propos\u00e9s et comment\u00e9s.<\/li>\n<\/ul>\n\n\n\n<p>Pour obtenir le titre de \u00ab Juge \u00bb, le candidat devra :<\/p>\n\n\n\n<ul id=\"block-9fadb361-f800-486f-99c2-9a1ee8db0325\" class=\"wp-block-list\">\n<li>r\u00e9ussir l&rsquo;\u00e9preuve \u00e9crite ;<\/li>\n\n\n\n<li>effectuer les r\u00e9unions de validation aux postes de contr\u00f4leur de virages (c\u00f4t\u00e9s d\u00e9part et virage), et juge de nages.<\/li>\n<\/ul>\n\n\n\n<p><strong><em>Epreuve \u00e9crite :<\/em><\/strong><br>Les candidats devront r\u00e9pondre \u00e0 toutes les questions d\u2019un questionnaire \u00ab Juge \u00bb (\u00e9dition<br>du 1er septembre 2020).<br>Le candidat sera admis \u00e0 l&rsquo;examen \u00e9crit s&rsquo;il ne d\u00e9passe pas le nombre d&rsquo;erreurs tol\u00e9r\u00e9es.<br>Ce nombre d&rsquo;erreurs peut \u00eatre indiqu\u00e9 sur chaque questionnaire<br>La r\u00e9ussite \u00e0 cette \u00e9preuve a une validit\u00e9 d&rsquo;un an maximum et permet de poursuivre la<br>formation.<\/p>\n\n\n\n<p><br><strong><em>Validation pratique :<\/em><\/strong><br>Sous le contr\u00f4le du Juge-Arbitre de la r\u00e9union ou de tout officiel r\u00e9f\u00e9rent d\u00e9sign\u00e9 \u00e0 cet<br>effet par le comit\u00e9 d\u00e9partemental ou la ligue r\u00e9gionale, le candidat devra assurer :<\/p>\n\n\n\n<ul class=\"wp-block-list\">\n<li>lors de quatre r\u00e9unions la fonction de juge de virages, deux fois \u00e0 chaque<br>extr\u00e9mit\u00e9 ;<\/li>\n\n\n\n<li>lors deux r\u00e9unions celle de juge de nage.<br>Le candidat sera en bin\u00f4me avec un officiel titulaire qui aura le r\u00f4le de tuteur. Le poste<br>sera tenu pendant la totalit\u00e9 de la r\u00e9union.<\/li>\n<\/ul>\n\n\n\n<h3 class=\"wp-block-heading has-vivid-cyan-blue-color has-text-color\">STARTER<\/h3>\n\n\n\n<p>Le titre de \u00ab Starter \u00bb est d\u00e9livr\u00e9 aux officiels \u00ab Juge \u00bb ayant satisfait \u00e0 l\u2019\u00e9preuve de<br>validation pratique sp\u00e9cifique ; chaque candidat doit remplir les conditions suivantes :<\/p>\n\n\n\n<ul class=\"wp-block-list\">\n<li>\u00eatre licenci\u00e9 \u00e0 la FFN sur le territoire de la ligue r\u00e9gionale ou du comit\u00e9<br>d\u00e9partemental organisateur de la session ;<\/li>\n\n\n\n<li>avoir fait acte de candidature aupr\u00e8s de la ligue r\u00e9gionale ou du comit\u00e9<br>d\u00e9partemental dont il d\u00e9pend.<\/li>\n<\/ul>\n\n\n\n<p><strong><em>Validation pratique :<\/em><\/strong><br>Sous le contr\u00f4le du Juge-Arbitre de la r\u00e9union ou de tout officiel r\u00e9f\u00e9rent d\u00e9sign\u00e9 \u00e0 cet<br>effet par le comit\u00e9 d\u00e9partemental ou la ligue r\u00e9gionale, le candidat devra assurer :<\/p>\n\n\n\n<ul class=\"wp-block-list\">\n<li>deux r\u00e9unions au poste de starter, dont au moins une avec un starter tuteur.<\/li>\n<\/ul>\n\n\n\n<p>Le candidat sera en bin\u00f4me avec un officiel r\u00e9f\u00e9rent qui aura le r\u00f4le de tuteur, le poste<br>sera tenu pendant la totalit\u00e9 de la r\u00e9union<\/p>\n\n\n\n<h3 class=\"wp-block-heading has-vivid-cyan-blue-color has-text-color\">JUGE ARBITRE<\/h3>\n\n\n\n<p>Le titre de \u00ab Juge-Arbitre \u00bb est d\u00e9livr\u00e9 aux officiels ayant satisfait \u00e0 l\u2019\u00e9preuve \u00e9crite et aux<br>validations pratiques de l&rsquo;examen pr\u00e9vu \u00e0 cet effet ; chaque candidat doit remplir les<br>conditions suivantes :<\/p>\n\n\n\n<ul id=\"block-85872683-c3e3-48dd-89f9-8c048a30b66e\" class=\"wp-block-list\">\n<li>\u00eatre licenci\u00e9 \u00e0 la FFN sur le territoire de la ligue r\u00e9gionale ou du comit\u00e9<br>d\u00e9partemental organisateur de la session ;<\/li>\n\n\n\n<li>\u00eatre \u00e2g\u00e9 d&rsquo;au moins 18 ans \u00e0 la date de l&rsquo;examen ;<\/li>\n\n\n\n<li>avoir fait acte de candidature aupr\u00e8s de la ligue r\u00e9gionale ou du comit\u00e9<br>d\u00e9partemental dont il d\u00e9pend ;<\/li>\n\n\n\n<li>\u00eatre titulaire depuis 2 saisons au moins du titre de \u00ab Juge \u00bb et avoir particip\u00e9 au jury d\u2019au moins 8 r\u00e9unions sur chacune des deux derni\u00e8res saisons ; Ils pourront donc se pr\u00e9senter \u00e0 l&rsquo;examen d\u00e8s le d\u00e9but de leur 3\u00e8me saison comme \u00ab Juge \u00bb soit apr\u00e8s un minimum d\u2019une saison compl\u00e8te en \u00e9tant titulaire du titre de \u00ab Juge \u00bb ;<\/li>\n\n\n\n<li>\u00eatre titulaire du titre de starter ;<\/li>\n\n\n\n<li>avoir assist\u00e9 \u00e0 une r\u00e9union de formation, sous la direction d&rsquo;un formateur d\u00e9sign\u00e9 par la ligue r\u00e9gionale ou le comit\u00e9 d\u00e9partemental durant laquelle, les r\u00e8glements (articles correspondant aux responsabilit\u00e9s du juge-arbitre) seront expliqu\u00e9s et des exercices tests seront propos\u00e9s et comment\u00e9s.<\/li>\n<\/ul>\n\n\n\n<p>Pour obtenir le titre de \u00ab Juge-arbitre \u00bb, le candidat devra :<\/p>\n\n\n\n<ul class=\"wp-block-list\">\n<li>r\u00e9ussir l&rsquo;\u00e9preuve \u00e9crite ;<\/li>\n\n\n\n<li>effectuer les r\u00e9unions de validation aux postes de superviseur et de juge-arbitre.<\/li>\n<\/ul>\n\n\n\n<p><strong><em>Epreuve \u00e9crite :<\/em><\/strong><br>Les candidats devront r\u00e9pondre \u00e0 toutes les questions d\u2019un questionnaire f\u00e9d\u00e9ral \u00ab JugeArbitre \u00bb<br>Le candidat sera admis \u00e0 l&rsquo;examen \u00e9crit s&rsquo;il ne d\u00e9passe pas le nombre d&rsquo;erreurs tol\u00e9r\u00e9es.<br>Ce nombre d&rsquo;erreurs peut \u00eatre indiqu\u00e9 sur chaque questionnaire<br>La r\u00e9ussite \u00e0 cette \u00e9preuve a une validit\u00e9 d&rsquo;un an maximum et permet de poursuivre la formation (les validations pratiques).<\/p>\n\n\n\n<p><strong><em>Validations pratiques :<\/em><\/strong><br>Sous le contr\u00f4le du Juge-Arbitre de la r\u00e9union ou de tout officiel r\u00e9f\u00e9rent d\u00e9sign\u00e9 \u00e0 cet effet par le comit\u00e9 d\u00e9partemental ou la ligue r\u00e9gionale, le candidat devra assurer :<\/p>\n\n\n\n<ul class=\"wp-block-list\">\n<li> la fonction de superviseur lors d\u2019une r\u00e9union organis\u00e9e avec un chronom\u00e9trage automatique ; <\/li>\n\n\n\n<li>lors de quatre r\u00e9unions la fonction de juge-arbitre.<\/li>\n<\/ul>\n\n\n\n<p>Le candidat sera en bin\u00f4me avec un juge-arbitre titulaire qui aura le r\u00f4le de tuteur, chacun des postes sera tenu pendant la totalit\u00e9 de la r\u00e9union.<\/p>\n\n\n\n<h2 class=\"wp-block-heading\"><strong>3 \u2013 TRANSPOSITION DES ANCIENS TITRES VERS LES NOUVEAUX<\/strong><\/h2>\n\n\n\n<p>Les titres d\u2019officiels C, B et A resteront valides et leurs titulaires pourront continuer \u00e0 participer aux jurys, sous r\u00e9serve de participation aux sessions de formation continue.<br>Des modalit\u00e9s particuli\u00e8res d\u2019obtentions des nouveaux titres sont mises en place pour les officiels C, B et A :<\/p>\n\n\n\n<h3 class=\"wp-block-heading\"><strong><em>MISE A NIVEAU D\u2019OFFICIEL \u00ab C \u00bb A CHRONOMETREUR<\/em><\/strong><\/h3>\n\n\n\n<p>L\u2019officiel C devra assurer une validation pratique au r\u00f4le de juge \u00e0 l\u2019arriv\u00e9e lors d\u2019une r\u00e9union, et sous le contr\u00f4le d\u2019un officiel tuteur, du starter ou du juge arbitre.<\/p>\n\n\n\n<h3 class=\"wp-block-heading\"><strong><em>MISE A NIVEAU D\u2019OFFICIEL \u00ab B \u00bb A JUGE<\/em><\/strong><\/h3>\n\n\n\n<p>L\u2019officiel B devra suivre une formation durant laquelle les r\u00e8glements (articles correspondant aux responsabilit\u00e9s du juge, en particulier du juge de nage) seront expliqu\u00e9s et des exercices tests seront propos\u00e9s et comment\u00e9s.<br><em><strong>Epreuve \u00e9crite de validation<\/strong><\/em><br>Il devra participer \u00e0 une \u00e9preuve \u00e9crite de validation (questionnaire sp\u00e9cifique \u00ab Mise \u00e0 niveau Officiel B \/ Juge \u00bb).<br>Le candidat sera admis \u00e0 l&rsquo;examen \u00e9crit s&rsquo;il ne d\u00e9passe pas le nombre d&rsquo;erreurs tol\u00e9r\u00e9es.<br>Ce nombre d&rsquo;erreurs peut \u00eatre indiqu\u00e9 sur chaque questionnaire<br>La r\u00e9ussite \u00e0 cette \u00e9preuve a une validit\u00e9 d&rsquo;un an maximum et permet de poursuivre le processus de mise \u00e0 niveau (les validations pratiques).<br><em><strong>Epreuve pratique de validation<\/strong><\/em><br>Sous le contr\u00f4le du Juge-Arbitre de la r\u00e9union ou de tout officiel r\u00e9f\u00e9rent d\u00e9sign\u00e9 \u00e0 cet effet par le comit\u00e9 d\u00e9partemental ou la ligue r\u00e9gionale, le candidat devra assurer :<\/p>\n\n\n\n<ul class=\"wp-block-list\">\n<li>lors de deux r\u00e9unions la fonction de juge de nage.<\/li>\n<\/ul>\n\n\n\n<h3 class=\"wp-block-heading\"><strong><em>MISE A NIVEAU D\u2019OFFICIEL \u00ab A \u00bb A JUGE-ARBITRE<\/em><\/strong><\/h3>\n\n\n\n<p>Lors du renouvellement de leur licence, les officiels A seront automatiquement reclass\u00e9s au niveau de juge-arbitre sous r\u00e9serve d\u2019avoir \u00e9t\u00e9 licenci\u00e9s \u00e0 la FFN lors des deux derni\u00e8res saisons 2018\/2019 \u2013 2019\/2020.<br>Les officiels non licenci\u00e9s lors des deux derni\u00e8res saisons resteront officiels A.<\/p>\n\n\n\n<hr class=\"wp-block-separator has-css-opacity\"\/>\n\n\n\n<h2 class=\"wp-block-heading\">Circulaire des officiels Natation Course &#8211; Re\u0301forme 2020<\/h2>\n\n\n\n<p class=\"has-text-align-center\">[3d-flip-book mode=\u00a0\u00bbfullscreen\u00a0\u00bb id=\u00a0\u00bb1548&Prime;][\/3d-flip-book]<\/p>\n\n\n\n<hr class=\"wp-block-separator has-css-opacity\"\/>\n\n\n\n<h2 class=\"wp-block-heading\">Re\u0301fe\u0301rentiel \u00ab\u00a0Officiel Natation Course\u00a0\u00bb<\/h2>\n\n\n\n<p class=\"has-text-align-center\">[3d-flip-book mode=\u00a0\u00bbfullscreen\u00a0\u00bb id=\u00a0\u00bb1551&Prime;][\/3d-flip-book]<\/p>\n","protected":false},"excerpt":{"rendered":"<p>Les officiels du CMOB NATATION pour la saison 2025 2026 : En natation, les officiels jouent un r\u00f4le crucial pour assurer le bon d\u00e9roulement des comp\u00e9titions et le respect des&hellip; <\/p>\n","protected":false},"author":1,"featured_media":2006,"parent":881,"menu_order":5,"comment_status":"closed","ping_status":"closed","template":"","meta":{"_monsterinsights_skip_tracking":false,"_monsterinsights_sitenote_active":false,"_monsterinsights_sitenote_note":"","_monsterinsights_sitenote_category":0,"footnotes":""},"class_list":["post-891","page","type-page","status-publish","has-post-thumbnail","hentry"],"jetpack_sharing_enabled":true,"_links":{"self":[{"href":"https:\/\/cmob-natation.fr\/index.php\/wp-json\/wp\/v2\/pages\/891","targetHints":{"allow":["GET"]}}],"collection":[{"href":"https:\/\/cmob-natation.fr\/index.php\/wp-json\/wp\/v2\/pages"}],"about":[{"href":"https:\/\/cmob-natation.fr\/index.php\/wp-json\/wp\/v2\/types\/page"}],"author":[{"embeddable":true,"href":"https:\/\/cmob-natation.fr\/index.php\/wp-json\/wp\/v2\/users\/1"}],"replies":[{"embeddable":true,"href":"https:\/\/cmob-natation.fr\/index.php\/wp-json\/wp\/v2\/comments?post=891"}],"version-history":[{"count":7,"href":"https:\/\/cmob-natation.fr\/index.php\/wp-json\/wp\/v2\/pages\/891\/revisions"}],"predecessor-version":[{"id":2110,"href":"https:\/\/cmob-natation.fr\/index.php\/wp-json\/wp\/v2\/pages\/891\/revisions\/2110"}],"up":[{"embeddable":true,"href":"https:\/\/cmob-natation.fr\/index.php\/wp-json\/wp\/v2\/pages\/881"}],"wp:featuredmedia":[{"embeddable":true,"href":"https:\/\/cmob-natation.fr\/index.php\/wp-json\/wp\/v2\/media\/2006"}],"wp:attachment":[{"href":"https:\/\/cmob-natation.fr\/index.php\/wp-json\/wp\/v2\/media?parent=891"}],"curies":[{"name":"wp","href":"https:\/\/api.w.org\/{rel}","templated":true}]}}