{"id":889,"date":"2015-06-16T10:08:52","date_gmt":"2015-06-16T08:08:52","guid":{"rendered":"https:\/\/cmob-natation.fr\/?page_id=889"},"modified":"2025-08-23T19:37:13","modified_gmt":"2025-08-23T19:37:13","slug":"les-infrastructures","status":"publish","type":"page","link":"https:\/\/cmob-natation.fr\/index.php\/le-club\/les-infrastructures\/","title":{"rendered":"Les infrastructures"},"content":{"rendered":"<h3 class=\"h3 spip\">\u00a0<\/h3>\n<h3><strong>\ud83c\udfca\u200d\u2642\ufe0f Nos infrastructures<\/strong><\/h3>\n<h4><strong>Piscine Nelson Mandela<\/strong><\/h4>\n<p dir=\"auto\">\ud83d\udccd <strong>25 rue Camille Jullian, 33530 Bassens<\/strong><\/p>\n<p dir=\"auto\">Un <strong>bassin de 25 m\u00e8tres<\/strong> avec <strong>4 couloirs de nage<\/strong>, mis \u00e0 disposition par la ville de Bassens, Carbon Blanc pour des entra\u00eenements dans les meilleures conditions. <strong>Lumineuse, chaleureuse et fonctionnelle.<\/strong><\/p>\n<p dir=\"auto\">Un cadre id\u00e9al pour <strong>apprendre, s\u2019entra\u00eener et progresser<\/strong> dans une ambiance conviviale.<\/p>\n<hr \/>\n<h4><strong>Salles multisports<\/strong><\/h4>\n<p dir=\"auto\">Pour compl\u00e9ter la pratique aquatique, le club omnisports met \u00e0 disposition une <strong>salle d\u00e9di\u00e9e<\/strong> \u00e0 la <strong>pr\u00e9paration physique g\u00e9n\u00e9rale<\/strong> et au <strong>stretching<\/strong> \u2014 des \u00e9l\u00e9ments cl\u00e9s pour optimiser vos performances et pr\u00e9venir les blessures.<\/p>\n<hr \/>\n<p dir=\"auto\"><strong>\ud83d\udcaa Un environnement complet pour allier plaisir et performance !<\/strong><\/p>\n<h3 class=\"h3 spip\"><span style=\"font-size: revert; color: initial;\">.<\/span><\/h3>\n\n\n<p><\/p>\n","protected":false},"excerpt":{"rendered":"<p>\u00a0 \ud83c\udfca\u200d\u2642\ufe0f Nos infrastructures Piscine Nelson Mandela \ud83d\udccd 25 rue Camille Jullian, 33530 Bassens Un bassin de 25 m\u00e8tres avec 4 couloirs de nage, mis \u00e0 disposition par la ville&hellip; <\/p>\n","protected":false},"author":1,"featured_media":2181,"parent":881,"menu_order":4,"comment_status":"closed","ping_status":"closed","template":"","meta":{"_monsterinsights_skip_tracking":false,"_monsterinsights_sitenote_active":false,"_monsterinsights_sitenote_note":"","_monsterinsights_sitenote_category":0,"footnotes":""},"class_list":["post-889","page","type-page","status-publish","has-post-thumbnail","hentry"],"jetpack_sharing_enabled":true,"_links":{"self":[{"href":"https:\/\/cmob-natation.fr\/index.php\/wp-json\/wp\/v2\/pages\/889","targetHints":{"allow":["GET"]}}],"collection":[{"href":"https:\/\/cmob-natation.fr\/index.php\/wp-json\/wp\/v2\/pages"}],"about":[{"href":"https:\/\/cmob-natation.fr\/index.php\/wp-json\/wp\/v2\/types\/page"}],"author":[{"embeddable":true,"href":"https:\/\/cmob-natation.fr\/index.php\/wp-json\/wp\/v2\/users\/1"}],"replies":[{"embeddable":true,"href":"https:\/\/cmob-natation.fr\/index.php\/wp-json\/wp\/v2\/comments?post=889"}],"version-history":[{"count":7,"href":"https:\/\/cmob-natation.fr\/index.php\/wp-json\/wp\/v2\/pages\/889\/revisions"}],"predecessor-version":[{"id":2256,"href":"https:\/\/cmob-natation.fr\/index.php\/wp-json\/wp\/v2\/pages\/889\/revisions\/2256"}],"up":[{"embeddable":true,"href":"https:\/\/cmob-natation.fr\/index.php\/wp-json\/wp\/v2\/pages\/881"}],"wp:featuredmedia":[{"embeddable":true,"href":"https:\/\/cmob-natation.fr\/index.php\/wp-json\/wp\/v2\/media\/2181"}],"wp:attachment":[{"href":"https:\/\/cmob-natation.fr\/index.php\/wp-json\/wp\/v2\/media?parent=889"}],"curies":[{"name":"wp","href":"https:\/\/api.w.org\/{rel}","templated":true}]}}