{"id":883,"date":"2015-06-16T10:07:44","date_gmt":"2015-06-16T08:07:44","guid":{"rendered":"https:\/\/cmob-natation.fr\/?page_id=883"},"modified":"2025-07-24T11:17:08","modified_gmt":"2025-07-24T11:17:08","slug":"le-bureau","status":"publish","type":"page","link":"https:\/\/cmob-natation.fr\/index.php\/le-club\/le-bureau\/","title":{"rendered":"Le bureau"},"content":{"rendered":"<p style=\"text-align: center;\"><i><strong>Membres du Bureau pour la Saison 2025 2026<\/strong><\/i><\/p>\n\n\n<figure class=\"wp-block-gallery has-nested-images columns-default is-cropped wp-block-gallery-1 is-layout-flex wp-block-gallery-is-layout-flex\"><\/figure>\n\n\n\n<p><strong>2 B<\/strong><strong>ureaux en place :<\/strong><\/p>\n\n\n\n<p>Pr\u00e9sident : FFN et FFSA<\/p>\n\n\n\n<ul class=\"wp-block-list\">\n<li><em>Georges LEBON<\/em><\/li>\n<\/ul>\n\n\n\n<p>Tr\u00e9sorier\u00a0 : FFN                                                                                                                                        <\/p>\n\n\n\n<ul class=\"wp-block-list\">\n<li><em>Pisnouk DUONG<\/em><\/li>\n<\/ul>\n\n\n\n<p>Secr\u00e9taire : FFN<\/p>\n\n\n\n<ul class=\"wp-block-list\">\n<li><em>St\u00e9phanie GENEVAUX<\/em><\/li>\n<\/ul>\n\n\n\n<p>Tr\u00e9sori\u00e8re : FFSA :&nbsp;<\/p>\n\n\n\n<ul class=\"wp-block-list\">\n<li><em>Isabelle BODEREAU<\/em><\/li>\n<\/ul>\n\n\n\n<p>Secr\u00e9taire : FFSA<\/p>\n\n\n\n<ul class=\"wp-block-list\">\n<li><em>Goethe NDOBA<\/em><\/li>\n<\/ul>\n\n\n\n<p>Membre :&nbsp;<\/p>\n\n\n\n<ul class=\"wp-block-list\">\n<li><em> Pascal HOFFMANN<\/em><\/li>\n<\/ul>\n\n\n\n<p><\/p>\n","protected":false},"excerpt":{"rendered":"<p>Membres du Bureau pour la Saison 2025 2026 2 Bureaux en place : Pr\u00e9sident : FFN et FFSA Tr\u00e9sorier\u00a0 : FFN Secr\u00e9taire : FFN Tr\u00e9sori\u00e8re : FFSA :&nbsp; Secr\u00e9taire :&hellip; <\/p>\n","protected":false},"author":1,"featured_media":2024,"parent":881,"menu_order":1,"comment_status":"closed","ping_status":"closed","template":"","meta":{"_monsterinsights_skip_tracking":false,"_monsterinsights_sitenote_active":false,"_monsterinsights_sitenote_note":"","_monsterinsights_sitenote_category":0,"footnotes":""},"class_list":["post-883","page","type-page","status-publish","has-post-thumbnail","hentry"],"jetpack_sharing_enabled":true,"_links":{"self":[{"href":"https:\/\/cmob-natation.fr\/index.php\/wp-json\/wp\/v2\/pages\/883","targetHints":{"allow":["GET"]}}],"collection":[{"href":"https:\/\/cmob-natation.fr\/index.php\/wp-json\/wp\/v2\/pages"}],"about":[{"href":"https:\/\/cmob-natation.fr\/index.php\/wp-json\/wp\/v2\/types\/page"}],"author":[{"embeddable":true,"href":"https:\/\/cmob-natation.fr\/index.php\/wp-json\/wp\/v2\/users\/1"}],"replies":[{"embeddable":true,"href":"https:\/\/cmob-natation.fr\/index.php\/wp-json\/wp\/v2\/comments?post=883"}],"version-history":[{"count":16,"href":"https:\/\/cmob-natation.fr\/index.php\/wp-json\/wp\/v2\/pages\/883\/revisions"}],"predecessor-version":[{"id":2026,"href":"https:\/\/cmob-natation.fr\/index.php\/wp-json\/wp\/v2\/pages\/883\/revisions\/2026"}],"up":[{"embeddable":true,"href":"https:\/\/cmob-natation.fr\/index.php\/wp-json\/wp\/v2\/pages\/881"}],"wp:featuredmedia":[{"embeddable":true,"href":"https:\/\/cmob-natation.fr\/index.php\/wp-json\/wp\/v2\/media\/2024"}],"wp:attachment":[{"href":"https:\/\/cmob-natation.fr\/index.php\/wp-json\/wp\/v2\/media?parent=883"}],"curies":[{"name":"wp","href":"https:\/\/api.w.org\/{rel}","templated":true}]}}