{"id":1967,"date":"2025-07-22T08:08:00","date_gmt":"2025-07-22T08:08:00","guid":{"rendered":"https:\/\/cmob-natation.fr\/?page_id=1967"},"modified":"2025-07-27T06:18:54","modified_gmt":"2025-07-27T06:18:54","slug":"inscription","status":"publish","type":"page","link":"https:\/\/cmob-natation.fr\/index.php\/les-infos-pratiques\/inscription-test-2025-2026\/inscription\/","title":{"rendered":"Inscription tests"},"content":{"rendered":"\n<p>Inscription tests 2025 2026<\/p>\n\n\n\n<p><a href=\"https:\/\/docs.google.com\/forms\/d\/e\/1FAIpQLSc-OhaE2eUyrK8rDc7Sh9THhmIcXrCq7OWLlcnRtpvyQEj6hg\/viewform?usp=sharing&amp;ouid=104122279715680067726\">https:\/\/docs.google.com\/forms\/d\/e\/1FAIpQLSc-OhaE2eUyrK8rDc7Sh9THhmIcXrCq7OWLlcnRtpvyQEj6hg\/viewform?usp=sharing&amp;ouid=104122279715680067726<\/a><\/p>\n\n\n\n<figure class=\"wp-block-image size-full\"><img decoding=\"async\" src=\"https:\/\/cmob-natation.fr\/wp-content\/uploads\/savoir-nager.jpg\" alt=\"\" class=\"wp-image-1087\"\/><\/figure>\n\n\n\n<p>Pour les nouvelles inscriptions \u00e0 partir de 6 ans, des sessions de test sont organis\u00e9es le 22 et 29 Ao\u00fbt \u00e0 partir de 18h30 par tranche de 30 minutes puis le 6 et 13 septembre \u00e0 partir de 12h30 par tranche de 30 minutes.<\/p>\n","protected":false},"excerpt":{"rendered":"<p>Inscription tests 2025 2026 https:\/\/docs.google.com\/forms\/d\/e\/1FAIpQLSc-OhaE2eUyrK8rDc7Sh9THhmIcXrCq7OWLlcnRtpvyQEj6hg\/viewform?usp=sharing&amp;ouid=104122279715680067726 Pour les nouvelles inscriptions \u00e0 partir de 6 ans, des sessions de test sont organis\u00e9es le 22 et 29 Ao\u00fbt \u00e0 partir de 18h30 par&hellip; <\/p>\n","protected":false},"author":1,"featured_media":1904,"parent":1239,"menu_order":4,"comment_status":"closed","ping_status":"closed","template":"","meta":{"_monsterinsights_skip_tracking":false,"_monsterinsights_sitenote_active":false,"_monsterinsights_sitenote_note":"","_monsterinsights_sitenote_category":0,"footnotes":""},"class_list":["post-1967","page","type-page","status-publish","has-post-thumbnail","hentry"],"jetpack_sharing_enabled":true,"_links":{"self":[{"href":"https:\/\/cmob-natation.fr\/index.php\/wp-json\/wp\/v2\/pages\/1967","targetHints":{"allow":["GET"]}}],"collection":[{"href":"https:\/\/cmob-natation.fr\/index.php\/wp-json\/wp\/v2\/pages"}],"about":[{"href":"https:\/\/cmob-natation.fr\/index.php\/wp-json\/wp\/v2\/types\/page"}],"author":[{"embeddable":true,"href":"https:\/\/cmob-natation.fr\/index.php\/wp-json\/wp\/v2\/users\/1"}],"replies":[{"embeddable":true,"href":"https:\/\/cmob-natation.fr\/index.php\/wp-json\/wp\/v2\/comments?post=1967"}],"version-history":[{"count":4,"href":"https:\/\/cmob-natation.fr\/index.php\/wp-json\/wp\/v2\/pages\/1967\/revisions"}],"predecessor-version":[{"id":2116,"href":"https:\/\/cmob-natation.fr\/index.php\/wp-json\/wp\/v2\/pages\/1967\/revisions\/2116"}],"up":[{"embeddable":true,"href":"https:\/\/cmob-natation.fr\/index.php\/wp-json\/wp\/v2\/pages\/1239"}],"wp:featuredmedia":[{"embeddable":true,"href":"https:\/\/cmob-natation.fr\/index.php\/wp-json\/wp\/v2\/media\/1904"}],"wp:attachment":[{"href":"https:\/\/cmob-natation.fr\/index.php\/wp-json\/wp\/v2\/media?parent=1967"}],"curies":[{"name":"wp","href":"https:\/\/api.w.org\/{rel}","templated":true}]}}